{"id":16524,"date":"2026-03-12T17:38:46","date_gmt":"2026-03-12T14:38:46","guid":{"rendered":"https:\/\/italza.com\/online\/?post_type=product&#038;p=16524"},"modified":"2026-03-12T17:38:46","modified_gmt":"2026-03-12T14:38:46","slug":"eca-camasir-muslugu","status":"publish","type":"product","link":"https:\/\/italza.com\/online\/urun\/eca-camasir-muslugu\/","title":{"rendered":"ECA \u00c7AMA\u015eIR MUSLU\u011eU"},"content":{"rendered":"<p>ECA S21..01.102109452 \u00c7AMA\u015eIR MUSLU\u011eU<\/p>\n","protected":false},"excerpt":{"rendered":"<pre><strong>ECA S21..01.102109452 \u00c7AMA\u015eIR MUSLU\u011eU<\/strong><\/pre>\n","protected":false},"featured_media":16525,"comment_status":"closed","ping_status":"closed","template":"","meta":[],"product_brand":[],"product_cat":[142,137],"product_tag":[],"class_list":{"0":"post-16524","1":"product","2":"type-product","3":"status-publish","4":"has-post-thumbnail","6":"product_cat-ara-musluklari","7":"product_cat-su-armaturleri","9":"first","10":"instock","11":"sale","12":"taxable","13":"shipping-taxable","14":"purchasable","15":"product-type-simple"},"_links":{"self":[{"href":"https:\/\/italza.com\/online\/wp-json\/wp\/v2\/product\/16524","targetHints":{"allow":["GET"]}}],"collection":[{"href":"https:\/\/italza.com\/online\/wp-json\/wp\/v2\/product"}],"about":[{"href":"https:\/\/italza.com\/online\/wp-json\/wp\/v2\/types\/product"}],"replies":[{"embeddable":true,"href":"https:\/\/italza.com\/online\/wp-json\/wp\/v2\/comments?post=16524"}],"version-history":[{"count":1,"href":"https:\/\/italza.com\/online\/wp-json\/wp\/v2\/product\/16524\/revisions"}],"predecessor-version":[{"id":16526,"href":"https:\/\/italza.com\/online\/wp-json\/wp\/v2\/product\/16524\/revisions\/16526"}],"wp:featuredmedia":[{"embeddable":true,"href":"https:\/\/italza.com\/online\/wp-json\/wp\/v2\/media\/16525"}],"wp:attachment":[{"href":"https:\/\/italza.com\/online\/wp-json\/wp\/v2\/media?parent=16524"}],"wp:term":[{"taxonomy":"product_brand","embeddable":true,"href":"https:\/\/italza.com\/online\/wp-json\/wp\/v2\/product_brand?post=16524"},{"taxonomy":"product_cat","embeddable":true,"href":"https:\/\/italza.com\/online\/wp-json\/wp\/v2\/product_cat?post=16524"},{"taxonomy":"product_tag","embeddable":true,"href":"https:\/\/italza.com\/online\/wp-json\/wp\/v2\/product_tag?post=16524"}],"curies":[{"name":"wp","href":"https:\/\/api.w.org\/{rel}","templated":true}]}}