{"id":16148,"date":"2026-03-03T22:11:57","date_gmt":"2026-03-03T19:11:57","guid":{"rendered":"https:\/\/italza.com\/online\/?post_type=product&#038;p=16148"},"modified":"2026-03-04T13:35:46","modified_gmt":"2026-03-04T10:35:46","slug":"italza-stolid-85","status":"publish","type":"product","link":"https:\/\/italza.com\/online\/urun\/italza-stolid-85\/","title":{"rendered":"\u0130TALZA STOL\u0130D 85"},"content":{"rendered":"<p>\u0130TALZA STOL\u0130D 85 MODEL\u0130M\u0130Z<\/p>\n<p>G\u00f6vde : TEK Y\u00dcZ MDF \u00dcZER\u0130 MELAM\u0130N KAPLAMA G\u00d6R\u00dcNEN Y\u00dcZEY\u0130 \u0130PEK MAT LAKE<\/p>\n<p>\u00c7ekmece \/ kapak : CNC Y\u00dcZEY DESEN \u0130PEK MAT LAKE<\/p>\n<p>Lavabo : \u00c7\u0130MSTONE TEZGAH \u00dcZER\u0130 SERAM\u0130K LAVABO<\/p>\n<p>Alt mod\u00fcl: En 85 cm Derinlik 52 cm Y\u00fckseklik 50 cm<br \/>\nSamet Marka Frenli \u00c7ekmece ve mente\u015fe Sistemleri<\/p>\n<p>\u0130K\u0130 \u00c7EKMECEL\u0130 STOL\u0130D 85 MODEL\u0130<\/p>\n<p>Boy dolab\u0131: En 40 cm Derinlik 35 cm Y\u00fckseklik 170 cm<br \/>\n\u00dcst kapak 2 rafl\u0131<br \/>\nAlt kapak Kirli \u00e7am. Sepetli<\/p>\n<p>Boy Dolap Arkal\u0131k 8 mm mdflam<\/p>\n<p>\u0130TALZA LED AYNA<br \/>\nEn : 70 cm \u00c7ap<br \/>\nDOKUNMAT\u0130K Led Ayna<\/p>\n<p>Opsiyonel Boy dolab\u0131 ayr\u0131 sat\u0131n al\u0131nmal\u0131d\u0131r.<\/p>\n<p>G\u00f6rseldeki aksesuar \u00fcr\u00fcnleri fiyata dahil de\u011fildir. (Havlu, Parf\u00fcm, Du\u015fakabin, Armat\u00fcr, Vitrifiye, Asma Klozet, Du\u015fakabin, vb. )<\/p>\n<p>\u00dcr\u00fcn montaja haz\u0131r hale getirilerek g\u00f6nderilmektedir.<\/p>\n","protected":false},"excerpt":{"rendered":"<p>\u0130TALZA STOL\u0130D 85 MODEL\u0130M\u0130Z<\/p>\n<p>G\u00f6vde : TEK Y\u00dcZ MDF \u00dcZER\u0130 MELAM\u0130N KAPLAMA G\u00d6R\u00dcNEN Y\u00dcZEY\u0130 \u0130PEK MAT LAKE<\/p>\n<p>\u00c7ekmece \/ kapak : CNC Y\u00dcZEY DESEN \u0130PEK MAT LAKE<\/p>\n<p>Lavabo : \u00c7\u0130MSTONE TEZGAH \u00dcZER\u0130 SERAM\u0130K LAVABO<\/p>\n","protected":false},"featured_media":16149,"comment_status":"closed","ping_status":"closed","template":"","meta":[],"product_brand":[],"product_cat":[20,121],"product_tag":[],"class_list":{"0":"post-16148","1":"product","2":"type-product","3":"status-publish","4":"has-post-thumbnail","6":"product_cat-banyo-mobilyalari","7":"product_cat-lake-banyo-dolaplari","9":"first","10":"instock","11":"sale","12":"taxable","13":"shipping-taxable","14":"purchasable","15":"product-type-simple"},"_links":{"self":[{"href":"https:\/\/italza.com\/online\/wp-json\/wp\/v2\/product\/16148","targetHints":{"allow":["GET"]}}],"collection":[{"href":"https:\/\/italza.com\/online\/wp-json\/wp\/v2\/product"}],"about":[{"href":"https:\/\/italza.com\/online\/wp-json\/wp\/v2\/types\/product"}],"replies":[{"embeddable":true,"href":"https:\/\/italza.com\/online\/wp-json\/wp\/v2\/comments?post=16148"}],"version-history":[{"count":2,"href":"https:\/\/italza.com\/online\/wp-json\/wp\/v2\/product\/16148\/revisions"}],"predecessor-version":[{"id":16225,"href":"https:\/\/italza.com\/online\/wp-json\/wp\/v2\/product\/16148\/revisions\/16225"}],"wp:featuredmedia":[{"embeddable":true,"href":"https:\/\/italza.com\/online\/wp-json\/wp\/v2\/media\/16149"}],"wp:attachment":[{"href":"https:\/\/italza.com\/online\/wp-json\/wp\/v2\/media?parent=16148"}],"wp:term":[{"taxonomy":"product_brand","embeddable":true,"href":"https:\/\/italza.com\/online\/wp-json\/wp\/v2\/product_brand?post=16148"},{"taxonomy":"product_cat","embeddable":true,"href":"https:\/\/italza.com\/online\/wp-json\/wp\/v2\/product_cat?post=16148"},{"taxonomy":"product_tag","embeddable":true,"href":"https:\/\/italza.com\/online\/wp-json\/wp\/v2\/product_tag?post=16148"}],"curies":[{"name":"wp","href":"https:\/\/api.w.org\/{rel}","templated":true}]}}